{"id":110,"date":"2021-06-10T07:28:52","date_gmt":"2021-06-10T07:28:52","guid":{"rendered":"https:\/\/diskutabu.ch\/?page_id=110"},"modified":"2021-06-10T11:10:47","modified_gmt":"2021-06-10T11:10:47","slug":"hoerbeitraege","status":"publish","type":"page","link":"https:\/\/diskutabu.ch\/?page_id=110","title":{"rendered":"H\u00f6rbeitr\u00e4ge"},"content":{"rendered":"\n<figure class=\"wp-block-image size-large is-resized\"><img loading=\"lazy\" decoding=\"async\" src=\"https:\/\/diskutabu.ch\/wp-content\/uploads\/2021\/06\/ton.png\" alt=\"\" class=\"wp-image-163\" width=\"78\" height=\"73\" srcset=\"https:\/\/diskutabu.ch\/wp-content\/uploads\/2021\/06\/ton.png 1126w, https:\/\/diskutabu.ch\/wp-content\/uploads\/2021\/06\/ton-300x280.png 300w, https:\/\/diskutabu.ch\/wp-content\/uploads\/2021\/06\/ton-768x717.png 768w\" sizes=\"auto, (max-width: 78px) 100vw, 78px\" \/><\/figure>\n\n\n\n<p><strong>Ein H\u00f6rbeitrag mit einem katholischen Pfarrer<\/strong><\/p>\n\n\n\n<p>In welchen Ber\u00fchrungspunkten steht der Tod mit einem Priester? Was sagt der Glaube, was nach dem Tod kommt?<\/p>\n\n\n\n<figure class=\"wp-block-audio\"><audio controls src=\"https:\/\/diskutabu.ch\/wp-content\/uploads\/2021\/06\/Hoerbeitrag_Pfarrer_2.mp3\"><\/audio><\/figure>\n\n\n\n<p><strong>Ein H\u00f6rbeitrag mit einer Mitarbeiterin von Exit<\/strong><\/p>\n\n\n\n<p>Weshalb gibt es Menschen, welche sich f\u00fcr den Tod entscheiden und nicht f\u00fcr das Leben? Wie stark muss der Schmerz sein um das eigene Leben zu beenden?<\/p>\n\n\n\n<figure class=\"wp-block-audio\"><audio controls src=\"https:\/\/diskutabu.ch\/wp-content\/uploads\/2021\/06\/Exit_mixdown-1.mp3\"><\/audio><\/figure>\n","protected":false},"excerpt":{"rendered":"<p>Ein H\u00f6rbeitrag mit einem katholischen Pfarrer In welchen Ber\u00fchrungspunkten steht der Tod mit einem Priester? Was sagt der Glaube, was nach dem Tod kommt? Ein H\u00f6rbeitrag mit einer Mitarbeiterin von Exit Weshalb gibt es Menschen, welche sich f\u00fcr den Tod entscheiden und nicht f\u00fcr das Leben? Wie stark muss der [&hellip;]<\/p>\n","protected":false},"author":1,"featured_media":0,"parent":0,"menu_order":0,"comment_status":"open","ping_status":"closed","template":"","meta":{"footnotes":""},"class_list":["post-110","page","type-page","status-publish","hentry"],"_links":{"self":[{"href":"https:\/\/diskutabu.ch\/index.php?rest_route=\/wp\/v2\/pages\/110","targetHints":{"allow":["GET"]}}],"collection":[{"href":"https:\/\/diskutabu.ch\/index.php?rest_route=\/wp\/v2\/pages"}],"about":[{"href":"https:\/\/diskutabu.ch\/index.php?rest_route=\/wp\/v2\/types\/page"}],"author":[{"embeddable":true,"href":"https:\/\/diskutabu.ch\/index.php?rest_route=\/wp\/v2\/users\/1"}],"replies":[{"embeddable":true,"href":"https:\/\/diskutabu.ch\/index.php?rest_route=%2Fwp%2Fv2%2Fcomments&post=110"}],"version-history":[{"count":9,"href":"https:\/\/diskutabu.ch\/index.php?rest_route=\/wp\/v2\/pages\/110\/revisions"}],"predecessor-version":[{"id":218,"href":"https:\/\/diskutabu.ch\/index.php?rest_route=\/wp\/v2\/pages\/110\/revisions\/218"}],"wp:attachment":[{"href":"https:\/\/diskutabu.ch\/index.php?rest_route=%2Fwp%2Fv2%2Fmedia&parent=110"}],"curies":[{"name":"wp","href":"https:\/\/api.w.org\/{rel}","templated":true}]}}