{"id":114,"date":"2021-06-10T07:29:34","date_gmt":"2021-06-10T07:29:34","guid":{"rendered":"https:\/\/diskutabu.ch\/?page_id=114"},"modified":"2021-06-10T07:53:28","modified_gmt":"2021-06-10T07:53:28","slug":"bilder-und-fotos","status":"publish","type":"page","link":"https:\/\/diskutabu.ch\/?page_id=114","title":{"rendered":"Zeichnungen"},"content":{"rendered":"\n<figure class=\"wp-block-image size-large is-resized\"><img loading=\"lazy\" decoding=\"async\" src=\"https:\/\/diskutabu.ch\/wp-content\/uploads\/2021\/06\/zeichnung-1.png\" alt=\"\" class=\"wp-image-153\" width=\"73\" height=\"70\"\/><\/figure>\n\n\n\n<div class=\"wp-block-group\"><div class=\"wp-block-group__inner-container is-layout-flow wp-block-group-is-layout-flow\">\n<figure class=\"wp-block-gallery columns-1 is-cropped wp-block-gallery-1 is-layout-flex wp-block-gallery-is-layout-flex\"><ul class=\"blocks-gallery-grid\"><li class=\"blocks-gallery-item\"><figure><img loading=\"lazy\" decoding=\"async\" width=\"1368\" height=\"1794\" src=\"https:\/\/diskutabu.ch\/wp-content\/uploads\/2021\/06\/TOD1.png\" alt=\"\" data-id=\"130\" data-full-url=\"https:\/\/diskutabu.ch\/wp-content\/uploads\/2021\/06\/TOD1.png\" data-link=\"https:\/\/diskutabu.ch\/?attachment_id=130\" class=\"wp-image-130\" srcset=\"https:\/\/diskutabu.ch\/wp-content\/uploads\/2021\/06\/TOD1.png 1368w, https:\/\/diskutabu.ch\/wp-content\/uploads\/2021\/06\/TOD1-229x300.png 229w, https:\/\/diskutabu.ch\/wp-content\/uploads\/2021\/06\/TOD1-768x1007.png 768w, https:\/\/diskutabu.ch\/wp-content\/uploads\/2021\/06\/TOD1-1171x1536.png 1171w\" sizes=\"auto, (max-width: 1368px) 100vw, 1368px\" \/><\/figure><\/li><\/ul><figcaption class=\"blocks-gallery-caption\">Zeichnung <em>Dear death, where do you take us?<\/em><\/figcaption><\/figure>\n<\/div><\/div>\n\n\n\n<p><\/p>\n\n\n\n<p>Nicht zu wissen was danach kommt, macht Angst. Menschen f\u00fcrchten sich vor dem Ungewissen, aber dennoch strahlt es auch eine gewisse Faszination aus. Jeder geht auf irgendeine Weise mal von dieser Erde. Es ist, als ob man vom Tag der Geburt an, in einer langen Warteschlange steht f\u00fcr den Tod. <\/p>\n\n\n\n<figure class=\"wp-block-image size-large\"><img loading=\"lazy\" decoding=\"async\" width=\"1890\" height=\"1417\" src=\"https:\/\/diskutabu.ch\/wp-content\/uploads\/2021\/06\/TOD2-1.png\" alt=\"\" class=\"wp-image-137\" srcset=\"https:\/\/diskutabu.ch\/wp-content\/uploads\/2021\/06\/TOD2-1.png 1890w, https:\/\/diskutabu.ch\/wp-content\/uploads\/2021\/06\/TOD2-1-300x225.png 300w, https:\/\/diskutabu.ch\/wp-content\/uploads\/2021\/06\/TOD2-1-768x576.png 768w, https:\/\/diskutabu.ch\/wp-content\/uploads\/2021\/06\/TOD2-1-1536x1152.png 1536w\" sizes=\"auto, (max-width: 1890px) 100vw, 1890px\" \/><figcaption>Zeichnung <em>Maybe we meet again, who knows?<\/em><\/figcaption><\/figure>\n\n\n\n<p><\/p>\n\n\n\n<p>Es tut weh, einen geliebten Menschen gehen zu lassen. Der Gedanke, seine k\u00f6rperliche Form, nie wieder sehen zu k\u00f6nnen, nie wieder anfassen zu k\u00f6nnen, ist eine Qual. Erinnerungen verblassen mit der Zeit und am Ende ist nur noch die W\u00e4rme. Die W\u00e4rme die der Mensch einem gegeben hat. Und das sind wir auch. Alles Energien die sich treffen oder wieder voneinander scheiden. Das Jetzt z\u00e4hlt.<\/p>\n\n\n\n<figure class=\"wp-block-image size-large\"><img loading=\"lazy\" decoding=\"async\" width=\"1888\" height=\"2000\" src=\"https:\/\/diskutabu.ch\/wp-content\/uploads\/2021\/06\/TOD3-2-1888x2000.png\" alt=\"\" class=\"wp-image-138\" srcset=\"https:\/\/diskutabu.ch\/wp-content\/uploads\/2021\/06\/TOD3-2-1888x2000.png 1888w, https:\/\/diskutabu.ch\/wp-content\/uploads\/2021\/06\/TOD3-2-283x300.png 283w, https:\/\/diskutabu.ch\/wp-content\/uploads\/2021\/06\/TOD3-2-768x813.png 768w, https:\/\/diskutabu.ch\/wp-content\/uploads\/2021\/06\/TOD3-2-1450x1536.png 1450w, https:\/\/diskutabu.ch\/wp-content\/uploads\/2021\/06\/TOD3-2.png 1894w\" sizes=\"auto, (max-width: 1888px) 100vw, 1888px\" \/><figcaption>Zeichnung <em>You can&#8217;t run away from death.<\/em><\/figcaption><\/figure>\n\n\n\n<p><\/p>\n\n\n\n<p>Man kann nicht wegrennen vom Tod. Es ist wie eine endlos Spirale, die einen gefangen h\u00e4lt. Was danach ist, weiss niemand wirklich.<\/p>\n","protected":false},"excerpt":{"rendered":"<p>Nicht zu wissen was danach kommt, macht Angst. Menschen f\u00fcrchten sich vor dem Ungewissen, aber dennoch strahlt es auch eine gewisse Faszination aus. Jeder geht auf irgendeine Weise mal von dieser Erde. Es ist, als ob man vom Tag der Geburt an, in einer langen Warteschlange steht f\u00fcr den Tod. [&hellip;]<\/p>\n","protected":false},"author":1,"featured_media":150,"parent":0,"menu_order":0,"comment_status":"open","ping_status":"closed","template":"","meta":{"footnotes":""},"class_list":["post-114","page","type-page","status-publish","has-post-thumbnail","hentry"],"_links":{"self":[{"href":"https:\/\/diskutabu.ch\/index.php?rest_route=\/wp\/v2\/pages\/114","targetHints":{"allow":["GET"]}}],"collection":[{"href":"https:\/\/diskutabu.ch\/index.php?rest_route=\/wp\/v2\/pages"}],"about":[{"href":"https:\/\/diskutabu.ch\/index.php?rest_route=\/wp\/v2\/types\/page"}],"author":[{"embeddable":true,"href":"https:\/\/diskutabu.ch\/index.php?rest_route=\/wp\/v2\/users\/1"}],"replies":[{"embeddable":true,"href":"https:\/\/diskutabu.ch\/index.php?rest_route=%2Fwp%2Fv2%2Fcomments&post=114"}],"version-history":[{"count":9,"href":"https:\/\/diskutabu.ch\/index.php?rest_route=\/wp\/v2\/pages\/114\/revisions"}],"predecessor-version":[{"id":158,"href":"https:\/\/diskutabu.ch\/index.php?rest_route=\/wp\/v2\/pages\/114\/revisions\/158"}],"wp:featuredmedia":[{"embeddable":true,"href":"https:\/\/diskutabu.ch\/index.php?rest_route=\/wp\/v2\/media\/150"}],"wp:attachment":[{"href":"https:\/\/diskutabu.ch\/index.php?rest_route=%2Fwp%2Fv2%2Fmedia&parent=114"}],"curies":[{"name":"wp","href":"https:\/\/api.w.org\/{rel}","templated":true}]}}